{"id":123,"date":"2022-11-08T19:34:24","date_gmt":"2022-11-08T19:34:24","guid":{"rendered":"https:\/\/naturalshapes.dental\/?page_id=123"},"modified":"2024-08-16T11:33:41","modified_gmt":"2024-08-16T11:33:41","slug":"refund-policy","status":"publish","type":"page","link":"https:\/\/www.naturalshapes.dental\/fr\/refund-policy\/","title":{"rendered":"Politique de remboursement"},"content":{"rendered":"<p>Nous sommes tellement convaincus que vous allez adorer nos produits que nous sommes pr\u00eats \u00e0 vous offrir une garantie de remboursement sans risque de 7 jours. Si vous n'\u00eates pas satisfait du produit pour une raison quelconque, vous pouvez obtenir un remboursement dans les 7 jours suivant l'achat.<\/p>\n<h2>Nous contacter<\/h2>\n<p>Si vous avez des questions, des pr\u00e9occupations ou des plaintes concernant cette politique de remboursement, nous vous encourageons \u00e0 nous contacter en utilisant les d\u00e9tails ci-dessous :<br \/>\n<a href=\"mailto:office@looplink.ro\">office@looplink.ro<\/a><br \/>\nCe document a \u00e9t\u00e9 mis \u00e0 jour pour la derni\u00e8re fois le 30 juillet 2022<\/p>","protected":false},"excerpt":{"rendered":"<p>We\u2019re so convinced you\u2019ll absolutely love our products, that we\u2019re willing to offer a 7 day risk-free money back guarantee. If you are not satisfied with the product for any reason you can get a refund within 7 days of making a purchase. Contacting us If you have any questions, concerns, or complaints regarding this [&hellip;]<\/p>\n","protected":false},"author":3,"featured_media":0,"parent":0,"menu_order":0,"comment_status":"closed","ping_status":"closed","template":"","meta":{"site-sidebar-layout":"default","site-content-layout":"default","ast-site-content-layout":"default","site-content-style":"default","site-sidebar-style":"default","ast-global-header-display":"","ast-banner-title-visibility":"","ast-main-header-display":"","ast-hfb-above-header-display":"","ast-hfb-below-header-display":"","ast-hfb-mobile-header-display":"","site-post-title":"","ast-breadcrumbs-content":"","ast-featured-img":"","footer-sml-layout":"","ast-disable-related-posts":"","theme-transparent-header-meta":"default","adv-header-id-meta":"","stick-header-meta":"","header-above-stick-meta":"","header-main-stick-meta":"","header-below-stick-meta":"","astra-migrate-meta-layouts":"set","ast-page-background-enabled":"default","ast-page-background-meta":{"desktop":{"background-color":"var(--ast-global-color-4)","background-image":"","background-repeat":"repeat","background-position":"center center","background-size":"auto","background-attachment":"scroll","background-type":"","background-media":"","overlay-type":"","overlay-color":"","overlay-opacity":"","overlay-gradient":""},"tablet":{"background-color":"","background-image":"","background-repeat":"repeat","background-position":"center center","background-size":"auto","background-attachment":"scroll","background-type":"","background-media":"","overlay-type":"","overlay-color":"","overlay-opacity":"","overlay-gradient":""},"mobile":{"background-color":"","background-image":"","background-repeat":"repeat","background-position":"center center","background-size":"auto","background-attachment":"scroll","background-type":"","background-media":"","overlay-type":"","overlay-color":"","overlay-opacity":"","overlay-gradient":""}},"ast-content-background-meta":{"desktop":{"background-color":"var(--ast-global-color-5)","background-image":"","background-repeat":"repeat","background-position":"center center","background-size":"auto","background-attachment":"scroll","background-type":"","background-media":"","overlay-type":"","overlay-color":"","overlay-opacity":"","overlay-gradient":""},"tablet":{"background-color":"var(--ast-global-color-5)","background-image":"","background-repeat":"repeat","background-position":"center center","background-size":"auto","background-attachment":"scroll","background-type":"","background-media":"","overlay-type":"","overlay-color":"","overlay-opacity":"","overlay-gradient":""},"mobile":{"background-color":"var(--ast-global-color-5)","background-image":"","background-repeat":"repeat","background-position":"center center","background-size":"auto","background-attachment":"scroll","background-type":"","background-media":"","overlay-type":"","overlay-color":"","overlay-opacity":"","overlay-gradient":""}},"footnotes":""},"class_list":["post-123","page","type-page","status-publish","hentry"],"yoast_head":"<!-- This site is optimized with the Yoast SEO plugin v27.4 - https:\/\/yoast.com\/product\/yoast-seo-wordpress\/ -->\n<title>Refund Policy | Natural Shapes<\/title>\n<meta name=\"robots\" content=\"index, follow, max-snippet:-1, max-image-preview:large, max-video-preview:-1\" \/>\n<link rel=\"canonical\" href=\"https:\/\/www.naturalshapes.dental\/fr\/refund-policy\/\" \/>\n<meta property=\"og:locale\" content=\"fr_FR\" \/>\n<meta property=\"og:type\" content=\"article\" \/>\n<meta property=\"og:title\" content=\"Refund Policy | Natural Shapes\" \/>\n<meta property=\"og:description\" content=\"We\u2019re so convinced you\u2019ll absolutely love our products, that we\u2019re willing to offer a 7 day risk-free money back guarantee. If you are not satisfied with the product for any reason you can get a refund within 7 days of making a purchase. Contacting us If you have any questions, concerns, or complaints regarding this [&hellip;]\" \/>\n<meta property=\"og:url\" content=\"https:\/\/www.naturalshapes.dental\/fr\/refund-policy\/\" \/>\n<meta property=\"og:site_name\" content=\"Natural Shapes\" \/>\n<meta property=\"article:modified_time\" content=\"2024-08-16T11:33:41+00:00\" \/>\n<meta property=\"og:image\" content=\"https:\/\/www.naturalshapes.dental\/wp-content\/uploads\/2025\/12\/HIGH-LEVEL-OF-REULTS-1024-x-682-px-1.png\" \/>\n\t<meta property=\"og:image:width\" content=\"1024\" \/>\n\t<meta property=\"og:image:height\" content=\"682\" \/>\n\t<meta property=\"og:image:type\" content=\"image\/png\" \/>\n<meta name=\"twitter:card\" content=\"summary_large_image\" \/>\n<script type=\"application\/ld+json\" class=\"yoast-schema-graph\">{\"@context\":\"https:\\\/\\\/schema.org\",\"@graph\":[{\"@type\":\"WebPage\",\"@id\":\"https:\\\/\\\/www.naturalshapes.dental\\\/refund-policy\\\/\",\"url\":\"https:\\\/\\\/www.naturalshapes.dental\\\/refund-policy\\\/\",\"name\":\"Refund Policy | Natural Shapes\",\"isPartOf\":{\"@id\":\"https:\\\/\\\/www.naturalshapes.dental\\\/#website\"},\"datePublished\":\"2022-11-08T19:34:24+00:00\",\"dateModified\":\"2024-08-16T11:33:41+00:00\",\"breadcrumb\":{\"@id\":\"https:\\\/\\\/www.naturalshapes.dental\\\/refund-policy\\\/#breadcrumb\"},\"inLanguage\":\"fr-FR\",\"potentialAction\":[{\"@type\":\"ReadAction\",\"target\":[\"https:\\\/\\\/www.naturalshapes.dental\\\/refund-policy\\\/\"]}]},{\"@type\":\"BreadcrumbList\",\"@id\":\"https:\\\/\\\/www.naturalshapes.dental\\\/refund-policy\\\/#breadcrumb\",\"itemListElement\":[{\"@type\":\"ListItem\",\"position\":1,\"name\":\"Home\",\"item\":\"https:\\\/\\\/www.naturalshapes.dental\\\/\"},{\"@type\":\"ListItem\",\"position\":2,\"name\":\"Refund Policy\"}]},{\"@type\":\"WebSite\",\"@id\":\"https:\\\/\\\/www.naturalshapes.dental\\\/#website\",\"url\":\"https:\\\/\\\/www.naturalshapes.dental\\\/\",\"name\":\"Natural Shapes by George Zacusai\",\"description\":\"Natural Tooth Libraries\",\"publisher\":{\"@id\":\"https:\\\/\\\/www.naturalshapes.dental\\\/#organization\"},\"potentialAction\":[{\"@type\":\"SearchAction\",\"target\":{\"@type\":\"EntryPoint\",\"urlTemplate\":\"https:\\\/\\\/www.naturalshapes.dental\\\/?s={search_term_string}\"},\"query-input\":{\"@type\":\"PropertyValueSpecification\",\"valueRequired\":true,\"valueName\":\"search_term_string\"}}],\"inLanguage\":\"fr-FR\"},{\"@type\":\"Organization\",\"@id\":\"https:\\\/\\\/www.naturalshapes.dental\\\/#organization\",\"name\":\"Natural Shapes\",\"url\":\"https:\\\/\\\/www.naturalshapes.dental\\\/\",\"logo\":{\"@type\":\"ImageObject\",\"inLanguage\":\"fr-FR\",\"@id\":\"https:\\\/\\\/www.naturalshapes.dental\\\/#\\\/schema\\\/logo\\\/image\\\/\",\"url\":\"https:\\\/\\\/www.naturalshapes.dental\\\/wp-content\\\/uploads\\\/2022\\\/11\\\/android-chrome-512x512-1.png\",\"contentUrl\":\"https:\\\/\\\/www.naturalshapes.dental\\\/wp-content\\\/uploads\\\/2022\\\/11\\\/android-chrome-512x512-1.png\",\"width\":512,\"height\":512,\"caption\":\"Natural Shapes\"},\"image\":{\"@id\":\"https:\\\/\\\/www.naturalshapes.dental\\\/#\\\/schema\\\/logo\\\/image\\\/\"}}]}<\/script>\n<!-- \/ Yoast SEO plugin. -->","yoast_head_json":{"title":"Refund Policy | Natural Shapes","robots":{"index":"index","follow":"follow","max-snippet":"max-snippet:-1","max-image-preview":"max-image-preview:large","max-video-preview":"max-video-preview:-1"},"canonical":"https:\/\/www.naturalshapes.dental\/fr\/refund-policy\/","og_locale":"fr_FR","og_type":"article","og_title":"Refund Policy | Natural Shapes","og_description":"We\u2019re so convinced you\u2019ll absolutely love our products, that we\u2019re willing to offer a 7 day risk-free money back guarantee. If you are not satisfied with the product for any reason you can get a refund within 7 days of making a purchase. Contacting us If you have any questions, concerns, or complaints regarding this [&hellip;]","og_url":"https:\/\/www.naturalshapes.dental\/fr\/refund-policy\/","og_site_name":"Natural Shapes","article_modified_time":"2024-08-16T11:33:41+00:00","og_image":[{"width":1024,"height":682,"url":"https:\/\/www.naturalshapes.dental\/wp-content\/uploads\/2025\/12\/HIGH-LEVEL-OF-REULTS-1024-x-682-px-1.png","type":"image\/png"}],"twitter_card":"summary_large_image","schema":{"@context":"https:\/\/schema.org","@graph":[{"@type":"WebPage","@id":"https:\/\/www.naturalshapes.dental\/refund-policy\/","url":"https:\/\/www.naturalshapes.dental\/refund-policy\/","name":"Refund Policy | Natural Shapes","isPartOf":{"@id":"https:\/\/www.naturalshapes.dental\/#website"},"datePublished":"2022-11-08T19:34:24+00:00","dateModified":"2024-08-16T11:33:41+00:00","breadcrumb":{"@id":"https:\/\/www.naturalshapes.dental\/refund-policy\/#breadcrumb"},"inLanguage":"fr-FR","potentialAction":[{"@type":"ReadAction","target":["https:\/\/www.naturalshapes.dental\/refund-policy\/"]}]},{"@type":"BreadcrumbList","@id":"https:\/\/www.naturalshapes.dental\/refund-policy\/#breadcrumb","itemListElement":[{"@type":"ListItem","position":1,"name":"Home","item":"https:\/\/www.naturalshapes.dental\/"},{"@type":"ListItem","position":2,"name":"Refund Policy"}]},{"@type":"WebSite","@id":"https:\/\/www.naturalshapes.dental\/#website","url":"https:\/\/www.naturalshapes.dental\/","name":"Natural Shapes by George Zacusai","description":"Natural Tooth Libraries","publisher":{"@id":"https:\/\/www.naturalshapes.dental\/#organization"},"potentialAction":[{"@type":"SearchAction","target":{"@type":"EntryPoint","urlTemplate":"https:\/\/www.naturalshapes.dental\/?s={search_term_string}"},"query-input":{"@type":"PropertyValueSpecification","valueRequired":true,"valueName":"search_term_string"}}],"inLanguage":"fr-FR"},{"@type":"Organization","@id":"https:\/\/www.naturalshapes.dental\/#organization","name":"Natural Shapes","url":"https:\/\/www.naturalshapes.dental\/","logo":{"@type":"ImageObject","inLanguage":"fr-FR","@id":"https:\/\/www.naturalshapes.dental\/#\/schema\/logo\/image\/","url":"https:\/\/www.naturalshapes.dental\/wp-content\/uploads\/2022\/11\/android-chrome-512x512-1.png","contentUrl":"https:\/\/www.naturalshapes.dental\/wp-content\/uploads\/2022\/11\/android-chrome-512x512-1.png","width":512,"height":512,"caption":"Natural Shapes"},"image":{"@id":"https:\/\/www.naturalshapes.dental\/#\/schema\/logo\/image\/"}}]}},"_links":{"self":[{"href":"https:\/\/www.naturalshapes.dental\/fr\/wp-json\/wp\/v2\/pages\/123","targetHints":{"allow":["GET"]}}],"collection":[{"href":"https:\/\/www.naturalshapes.dental\/fr\/wp-json\/wp\/v2\/pages"}],"about":[{"href":"https:\/\/www.naturalshapes.dental\/fr\/wp-json\/wp\/v2\/types\/page"}],"author":[{"embeddable":true,"href":"https:\/\/www.naturalshapes.dental\/fr\/wp-json\/wp\/v2\/users\/3"}],"replies":[{"embeddable":true,"href":"https:\/\/www.naturalshapes.dental\/fr\/wp-json\/wp\/v2\/comments?post=123"}],"version-history":[{"count":2,"href":"https:\/\/www.naturalshapes.dental\/fr\/wp-json\/wp\/v2\/pages\/123\/revisions"}],"predecessor-version":[{"id":839,"href":"https:\/\/www.naturalshapes.dental\/fr\/wp-json\/wp\/v2\/pages\/123\/revisions\/839"}],"wp:attachment":[{"href":"https:\/\/www.naturalshapes.dental\/fr\/wp-json\/wp\/v2\/media?parent=123"}],"curies":[{"name":"wp","href":"https:\/\/api.w.org\/{rel}","templated":true}]}}